{"id":2261,"date":"2023-04-13T11:58:40","date_gmt":"2023-04-13T09:58:40","guid":{"rendered":"https:\/\/www.ita-moulding-process.com\/?page_id=2261"},"modified":"2023-05-05T15:16:12","modified_gmt":"2023-05-05T13:16:12","slug":"mentions-legales","status":"publish","type":"page","link":"https:\/\/www.ita-moulding-process.com\/es\/mentions-legales\/","title":{"rendered":"Aviso legal"},"content":{"rendered":"<div data-elementor-type=\"wp-page\" data-elementor-id=\"2261\" class=\"elementor elementor-2261\" data-elementor-post-type=\"page\">\n\t\t\t\t\t\t<section class=\"elementor-section elementor-top-section elementor-element elementor-element-142044b elementor-section-boxed elementor-section-height-default elementor-section-height-default\" data-id=\"142044b\" data-element_type=\"section\" data-settings=\"{&quot;_ha_eqh_enable&quot;:false}\">\n\t\t\t\t\t\t<div class=\"elementor-container elementor-column-gap-default\">\n\t\t\t\t\t<div class=\"elementor-column elementor-col-100 elementor-top-column elementor-element elementor-element-d0977fd\" data-id=\"d0977fd\" data-element_type=\"column\" data-settings=\"{&quot;background_background&quot;:&quot;classic&quot;}\">\n\t\t\t<div class=\"elementor-widget-wrap elementor-element-populated\">\n\t\t\t\t\t\t<div class=\"elementor-element elementor-element-c3e53a7 ha-has-bg-overlay elementor-widget elementor-widget-text-editor\" data-id=\"c3e53a7\" data-element_type=\"widget\" data-widget_type=\"text-editor.default\">\n\t\t\t\t<div class=\"elementor-widget-container\">\n\t\t\t\t\t\t\t<h1>Aviso legal<\/h1>\t\t\t\t\t\t<\/div>\n\t\t\t\t<\/div>\n\t\t\t\t\t<\/div>\n\t\t<\/div>\n\t\t\t\t\t<\/div>\n\t\t<\/section>\n\t\t\t\t<section class=\"elementor-section elementor-top-section elementor-element elementor-element-8b6fa47 elementor-section-boxed elementor-section-height-default elementor-section-height-default\" data-id=\"8b6fa47\" data-element_type=\"section\" data-settings=\"{&quot;_ha_eqh_enable&quot;:false}\">\n\t\t\t\t\t\t<div class=\"elementor-container elementor-column-gap-default\">\n\t\t\t\t\t<div class=\"elementor-column elementor-col-100 elementor-top-column elementor-element elementor-element-45e999d\" data-id=\"45e999d\" data-element_type=\"column\">\n\t\t\t<div class=\"elementor-widget-wrap elementor-element-populated\">\n\t\t\t\t\t\t<div class=\"elementor-element elementor-element-03d981c elementor-widget elementor-widget-text-editor\" data-id=\"03d981c\" data-element_type=\"widget\" data-widget_type=\"text-editor.default\">\n\t\t\t\t<div class=\"elementor-widget-container\">\n\t\t\t\t\t\t\t<h2>DENOMINACI\u00d3N SOCIAL<\/h2><p><strong>ITA Moulding Process \u2013 <\/strong>57 Roumagnac 12150 S\u00e9v\u00e9rac-le-Ch\u00e2teau<\/p><p><strong>Responsable de la publicaci\u00f3n<\/strong><\/p><p>VANDENBOSSCHE Freddy<\/p><h2>PROPIEDAD INTELECTUAL<\/h2><p><a href=\"https:\/\/www.ita-moulding-process.com\/es\/\">www.ita-moulding-process.com<\/a> es un sitio web de VANDENBOSSCHE Freddy. Nuestro sitio web no acepta ni recibe fondos publicitarios. Todo el contenido del sitio <a href=\"https:\/\/www.ita-moulding-process.com\/es\/\">www.ita-moulding-process.com<\/a>,  incluyendo gr\u00e1ficos, im\u00e1genes, textos, videos, logotipos, gifs e iconos, as\u00ed como su dise\u00f1o, son propiedad exclusiva de VANDENBOSSCHE Freddy, excepto por marcas, logotipos o contenido perteneciente a otras empresas asociadas o autores.<\/p><p>Queda estrictamente prohibida cualquier reproducci\u00f3n, distribuci\u00f3n, modificaci\u00f3n, retransmisi\u00f3n o publicaci\u00f3n de estos elementos sin el consentimiento expreso y por escrito de VANDENBOSSCHE Freddy.<\/p><h2>CONFIDENCIALIDAD DE LOS DATOS PERSONALES<\/h2><p>La informaci\u00f3n personal que proporciones en el sitio, ya sea para comunicarte con nosotros o la informaci\u00f3n que ingreses para la creaci\u00f3n de tu sitio web personal, incluyendo identidades y correos electr\u00f3nicos, es confidencial. Nos comprometemos solemnemente a respetar las condiciones legales de confidencialidad aplicables en Francia y a no divulgar esta informaci\u00f3n a terceros.<\/p><h2>CREACI\u00d3N\u00a0<\/h2><p><strong>Agence Malice<\/strong><br \/>RODEZ : 675 Avenue Jo\u00ebl Pilon \u2013 12740 S\u00c9BAZAC-CONCOUR\u00c8S<br \/>PARIS : 45 Bd Victor Hugo \u2013 92110 Clichy<br \/><a href=\"http:\/\/www.agencemalice.fr\/\" target=\"_blank\" rel=\"noopener\">www.agencemalice.fr<\/a><\/p><p><strong>Integraci\u00f3n y desarrollo:<\/strong><\/p><p><strong>Agence Linov<\/strong><br \/>675 Avenue Jo\u00ebl Pilon \u2013 12740 S\u00c9BAZAC-CONCOUR\u00c8S<br \/><a href=\"http:\/\/www.linov.fr\/\" target=\"_blank\" rel=\"noopener\">www.linov.fr<\/a><\/p><h2>HOSTING<\/h2><p>SARL Haisoft <br \/>7 rue Vieille Lev\u00e9e<br \/>45100 Orl\u00e9ans FRANCE<\/p><h2>FUENTES DE MEDIOS Y FOTOS<\/h2><p>VANDENBOSSCHE Freddy , Freepick, Adobe stock, Flaticon<br \/>Queda estrictamente prohibida cualquier reproducci\u00f3n, distribuci\u00f3n, modificaci\u00f3n, retransmisi\u00f3n o publicaci\u00f3n de estos elementos sin el consentimiento expreso y por escrito de VANDENBOSSCHE Freddy.<\/p>\t\t\t\t\t\t<\/div>\n\t\t\t\t<\/div>\n\t\t\t\t\t<\/div>\n\t\t<\/div>\n\t\t\t\t\t<\/div>\n\t\t<\/section>\n\t\t\t\t<\/div>","protected":false},"excerpt":{"rendered":"<p>Mentions l\u00e9gales D\u00e9nomination sociale ITA Moulding Process \u2013 57 Roumagnac 12150 S\u00e9v\u00e9rac-le-Ch\u00e2teau Responsable de publication VANDENBOSSCHE Freddy Propri\u00e9t\u00e9 intellectuelle www.ita-moulding-process.com est un site de VANDENBOSSCHE Freddy . Notre site internet n\u2019accepte pas et ne re\u00e7oit pas de fonds publicitaires. Tout le contenu du site www.ita-moulding-process.com, les graphismes, images, textes, vid\u00e9os, logos, gifs et ic\u00f4nes ainsi [&hellip;]<\/p>","protected":false},"author":1,"featured_media":0,"parent":0,"menu_order":0,"comment_status":"closed","ping_status":"closed","template":"","meta":{"inline_featured_image":false,"_vp_format_video_url":"","_vp_image_focal_point":[],"footnotes":""},"class_list":["post-2261","page","type-page","status-publish","hentry"],"_links":{"self":[{"href":"https:\/\/www.ita-moulding-process.com\/es\/wp-json\/wp\/v2\/pages\/2261","targetHints":{"allow":["GET"]}}],"collection":[{"href":"https:\/\/www.ita-moulding-process.com\/es\/wp-json\/wp\/v2\/pages"}],"about":[{"href":"https:\/\/www.ita-moulding-process.com\/es\/wp-json\/wp\/v2\/types\/page"}],"author":[{"embeddable":true,"href":"https:\/\/www.ita-moulding-process.com\/es\/wp-json\/wp\/v2\/users\/1"}],"replies":[{"embeddable":true,"href":"https:\/\/www.ita-moulding-process.com\/es\/wp-json\/wp\/v2\/comments?post=2261"}],"version-history":[{"count":37,"href":"https:\/\/www.ita-moulding-process.com\/es\/wp-json\/wp\/v2\/pages\/2261\/revisions"}],"predecessor-version":[{"id":2539,"href":"https:\/\/www.ita-moulding-process.com\/es\/wp-json\/wp\/v2\/pages\/2261\/revisions\/2539"}],"wp:attachment":[{"href":"https:\/\/www.ita-moulding-process.com\/es\/wp-json\/wp\/v2\/media?parent=2261"}],"curies":[{"name":"wp","href":"https:\/\/api.w.org\/{rel}","templated":true}]}}