{"id":2283,"date":"2023-04-13T12:24:57","date_gmt":"2023-04-13T10:24:57","guid":{"rendered":"https:\/\/www.ita-moulding-process.com\/?page_id=2283"},"modified":"2023-04-14T17:35:12","modified_gmt":"2023-04-14T15:35:12","slug":"rgpd","status":"publish","type":"page","link":"https:\/\/www.ita-moulding-process.com\/en\/rgpd\/","title":{"rendered":"GDPR"},"content":{"rendered":"<div data-elementor-type=\"wp-page\" data-elementor-id=\"2283\" class=\"elementor elementor-2283\" data-elementor-post-type=\"page\">\n\t\t\t\t\t\t<section class=\"elementor-section elementor-top-section elementor-element elementor-element-142044b elementor-section-boxed elementor-section-height-default elementor-section-height-default\" data-id=\"142044b\" data-element_type=\"section\" data-settings=\"{&quot;_ha_eqh_enable&quot;:false}\">\n\t\t\t\t\t\t<div class=\"elementor-container elementor-column-gap-default\">\n\t\t\t\t\t<div class=\"elementor-column elementor-col-100 elementor-top-column elementor-element elementor-element-d0977fd\" data-id=\"d0977fd\" data-element_type=\"column\" data-settings=\"{&quot;background_background&quot;:&quot;classic&quot;}\">\n\t\t\t<div class=\"elementor-widget-wrap elementor-element-populated\">\n\t\t\t\t\t\t<div class=\"elementor-element elementor-element-c3e53a7 ha-has-bg-overlay elementor-widget elementor-widget-text-editor\" data-id=\"c3e53a7\" data-element_type=\"widget\" data-widget_type=\"text-editor.default\">\n\t\t\t\t<div class=\"elementor-widget-container\">\n\t\t\t\t\t\t\t<h1>Personal Data<\/h1>\t\t\t\t\t\t<\/div>\n\t\t\t\t<\/div>\n\t\t\t\t\t<\/div>\n\t\t<\/div>\n\t\t\t\t\t<\/div>\n\t\t<\/section>\n\t\t\t\t<section class=\"elementor-section elementor-top-section elementor-element elementor-element-8b6fa47 elementor-section-boxed elementor-section-height-default elementor-section-height-default\" data-id=\"8b6fa47\" data-element_type=\"section\" data-settings=\"{&quot;_ha_eqh_enable&quot;:false}\">\n\t\t\t\t\t\t<div class=\"elementor-container elementor-column-gap-default\">\n\t\t\t\t\t<div class=\"elementor-column elementor-col-100 elementor-top-column elementor-element elementor-element-45e999d\" data-id=\"45e999d\" data-element_type=\"column\">\n\t\t\t<div class=\"elementor-widget-wrap elementor-element-populated\">\n\t\t\t\t\t\t<div class=\"elementor-element elementor-element-03d981c elementor-widget elementor-widget-text-editor\" data-id=\"03d981c\" data-element_type=\"widget\" data-widget_type=\"text-editor.default\">\n\t\t\t\t<div class=\"elementor-widget-container\">\n\t\t\t\t\t\t\t<h2>Collection of personal data<\/h2><p>Personal data refers to any information that allows the identification of a person such as their name, postal address, email address, telephone number, etc.<\/p><h2>Why is personal data collected ?<\/h2><p><strong>VANDENBOSSCHE Freddy <\/strong>may collect different data for:<\/p><h3>PROCESSING BASED ON THE LEGAL BASIS OF THE EXECUTION OF OUR CONTRACTUAL OBLIGATIONS:<\/h3><p>Orders, Delivery, Invoicing, After-sales service, information on order tracking, customer accounting.<\/p><h3>Processing based on the legal basis of your consent:<\/h3><p>Contests<\/p><p>Commercial prospecting<\/p><p>Recording applications addressed to our company by you<\/p><p>Management of the loyalty program<\/p><p>Geolocation<\/p><p>Placing cookies to offer content and targeted advertising tailored to your interests and to carry out measures to improve your experience on the site...<\/p><p>\u00a0<\/p><p>The data may be collected on our site, through our online forms, and you will be asked to provide information with mandatory fields marked with an asterisk. Information on your rights under the French Data Protection Act is specified on each form.<\/p><h2>How are the data stored ?<\/h2><p><strong>VANDENBOSSCHE Freddy <\/strong>has appointed a Data Protection Officer responsible for ensuring compliance with the collection and processing that we undertake, maintaining the list of registered processing activities, and ensuring the exercise of your rights of access, rectification, and opposition.<\/p><p>Learn more : <a href=\"https:\/\/www.cnil.fr\/fr\/correspondants-informatique-et-libertes-cil\">https:\/\/www.cnil.fr\/fr\/correspondants-informatique-et-libertes-cil<\/a><\/p><h3>Storage<\/h3><p>Data is kept for 3 years from the end of the relationship or the last contact. Beyond this period, data will be deleted or anonymized.<\/p><h3>Security of data storage<\/h3><p>When data is entered on the website <a href=\"https:\/\/www.ita-moulding-process.com\/en\/\">www.ita-moulding-process.com<\/a>, the pages are fully secured in order to encrypt the data. You can easily verify this by looking at the page address. A small padlock guarantees the security of your data.<\/p><h3>Security of data storage<\/h3><p>VANDENBOSSCHE Freddy puts in place all necessary precautions to preserve the security of your data. All data is stored on secure servers, accessible to a limited number of people with specific access rights.<\/p><h3>Data transmission<\/h3><p>In the course of our activities, we may transmit your data to our subcontractors for the performance of the tasks assigned to them (Orders, Deliveries, etc.)<\/p><h2>Will you receive advertisements once your data is collected ?<\/h2><h3>Paper mailing<\/h3><p>When you create an account on our site, you are required to provide your postal address, name, and first name. You may receive postal mail addressed to your name.<\/p><h3>Email &amp; SMS<\/h3><p>You have the option of subscribing to VANDENBOSSCHE Freddy's offers by signing up for our newsletter. We may regularly communicate with you at your email address.<\/p><h2>What are your rights regarding your data ?<\/h2><p>Regarding all of your collected data, you have:<\/p><ul><li>The right of access: The right for anyone to obtain communication of all information concerning them held by VANDENBOSSCHE Freddy.<strong>.<\/strong><\/li><li>The right of rectification: The right for anyone to obtain rectification of inaccurate information concerning them held by VANDENBOSSCHE Freddy.<strong>.<\/strong><\/li><li>The right of opposition: The right of opposition is exercised either at the time of information collection or later, by contacting the file manager.<\/li><li>The right to define directives relating to the fate of personal data after death. In the absence of directives, the heirs concerned may then exercise rights over the deceased's personal data.<\/li><li>The right to portability: It is possible to obtain the recovery of personal data in a structured format for another data controller or for the person themselves.<\/li><li>The right to lodge a complaint with a supervisory authority.<\/li><\/ul><p>For more information on the exercise of your rights : <a href=\"https:\/\/www.cnil.fr\/fr\/comprendre-vos-droits\">https:\/\/www.cnil.fr\/fr\/comprendre-vos-droits<\/a><\/p><h2>Exercising your rights in relation to your data<\/h2><h3>If you don't want to receive advertising anymore<\/h3><p>You can unsubscribe from newsletters at the bottom of each email sent. We have implemented a statement summarizing your rights and the possibility of unsubscribing from a link placed in the email.<\/p><p>\u00a0<\/p><p>The request for identification is not mandatory for the use of the right to object to receiving our commercial offers. For technical reasons, the cessation of sending our offers is not immediate. A modification delay may appear to record your request.<\/p><p>\u00a0<\/p><p>If you have any difficulties, you can write to us at the address: 57 Roumagnac 12150 S\u00e9v\u00e9rac-le-Ch\u00e2teau or by email : <a class=\"c-link\" href=\"mailto:fvandenbossche@ita-mp.com\" target=\"_blank\" rel=\"noopener noreferrer\" data-stringify-link=\"mailto:fvandenbossche@ita-mp.com\" data-sk=\"tooltip_parent\" aria-haspopup=\"menu\" aria-expanded=\"false\">fvandenbossche@ita-mp.com<\/a>\u00a0, specifying your contact details and the email address concerned.<\/p><h3>Accessing or correcting your data stored by ITA Moulding Process<\/h3><p>You can make a request to access your data or exercise your rights by writing to the address: 57 Roumagnac 12150 S\u00e9v\u00e9rac-le-Ch\u00e2teau or by email : <a class=\"c-link\" href=\"mailto:fvandenbossche@ita-mp.com\" target=\"_blank\" rel=\"noopener noreferrer\" data-stringify-link=\"mailto:fvandenbossche@ita-mp.com\" data-sk=\"tooltip_parent\" aria-haspopup=\"menu\" aria-expanded=\"false\">fvandenbossche@ita-mp.com<\/a>\u00a0. Identification is necessary to grant you access to the data. A response will be sent to you within one month following receipt of your request.<\/p><h3>If you wish to oppose the transfer of your data<\/h3><p>You can exercise your right to object to the transfer of your data by writing to the address: 57 Roumagnac 12150 S\u00e9v\u00e9rac-le-Ch\u00e2teau or by email : <a class=\"c-link\" href=\"mailto:fvandenbossche@ita-mp.com\" target=\"_blank\" rel=\"noopener noreferrer\" data-stringify-link=\"mailto:fvandenbossche@ita-mp.com\" data-sk=\"tooltip_parent\" aria-haspopup=\"menu\" aria-expanded=\"false\">fvandenbossche@ita-mp.com<\/a>\u00a0. A response will be sent to you within one month following receipt of your request.<\/p><h3>If you wish to object to appearing in a file<\/h3><p>You can exercise your right to object by writing to the address: 57 Roumagnac 12150 S\u00e9v\u00e9rac-le-Ch\u00e2teau or by email: <a class=\"c-link\" href=\"mailto:fvandenbossche@ita-mp.com\" target=\"_blank\" rel=\"noopener noreferrer\" data-stringify-link=\"mailto:fvandenbossche@ita-mp.com\" data-sk=\"tooltip_parent\" aria-haspopup=\"menu\" aria-expanded=\"false\">fvandenbossche@ita-mp.com<\/a>\u00a0. A response will be sent to you within one month following receipt of your request.<\/p><h3>If you wish to give directives relating to your personal data after your death<\/h3><p>You can exercise your right to object by writing to the address: 57 Roumagnac 12150 S\u00e9v\u00e9rac-le-Ch\u00e2teau or by email: <a class=\"c-link\" href=\"mailto:fvandenbossche@ita-mp.com\" target=\"_blank\" rel=\"noopener noreferrer\" data-stringify-link=\"mailto:fvandenbossche@ita-mp.com\" data-sk=\"tooltip_parent\" aria-haspopup=\"menu\" aria-expanded=\"false\">fvandenbossche@ita-mp.com<\/a>\u00a0. A response will be sent to you within one month following receipt of your request.<\/p><h2>INFORMATION RELATING TO \u201cCOOKIES\u201d<\/h2><h3>WHAT IS A \u201cCOOKIE\u201d?<\/h3><p>A cookie is a small file containing various text information. It is deposited on your terminal (computer, tablet, smartphone, etc.) via your browser, by the website you are visiting.<\/p><p>The different types of cookies:<\/p><ul><li>Essential cookies: These cookies are necessary for the proper functioning of our site and allow you to use the basic features. Without these cookies, you will not be able to use our site in a functional way.<\/li><li>Comfort cookies: These cookies bring additional features that may interest the user, without being essential to the basic functioning of the site.<\/li><li>Analytical cookies: These cookies allow us to know the use and performance of our site and to improve its functioning. They concern, for example, the most consulted pages, the requests made in our search engine, etc.<\/li><li>Advertising cookies: These cookies collect information about your browsing habits in order to present you with advertising tailored to your interests. These cookies record your visit to our site, the pages you have visited and the links you have followed, as well as your navigation outside our site. They are also used to limit the number of times you see an advertisement and to measure the effectiveness of advertising campaigns. They are usually placed by third parties with our permission.<\/li><\/ul><p>Refusing this type of cookie has no impact on the use of our site and does not prevent the display of advertising on our site or on the internet in general.<\/p><h3>How to accept\/refuse the use of cookies ?<\/h3><p>You can restrict, block, or delete the cookies from this website at any time by changing the configuration of your browser. Since the settings vary from one browser to another, cookie configuration is usually done in the \"Preferences\" or \"Tools\" menus. For more information on how to configure cookies in your browser, please refer to its \"Help\" menu.<\/p><h3>Configuration is specific to each browser :<\/h3><p>For Internet Explorer\u2122:<br \/><a href=\"https:\/\/support.microsoft.com\/fr-fr\/help\/17442\/windows-internet-explorer-delete-manage-cookies\">https:\/\/support.microsoft.com\/fr-fr\/help\/17442\/windows-internet-explorer-delete-manage-cookies<\/a><\/p><p>For Firefox\u2122:<br \/><a href=\"https:\/\/support.mozilla.org\/fr\/kb\/activer-desactiver-cookies-preferences\">https:\/\/support.mozilla.org\/fr\/kb\/activer-desactiver-cookies-preferences<\/a><\/p><p>For Chrome\u2122:<br \/><a href=\"https:\/\/support.google.com\/chrome\/answer\/95647\">https:\/\/support.google.com\/chrome\/answer\/95647<\/a><\/p><p>For Safari\u2122:<br \/><a href=\"https:\/\/support.apple.com\/fr-fr\/HT201265\">https:\/\/support.apple.com\/fr-fr\/HT201265<\/a><\/p><p>For Opera\u2122:<br \/><a href=\"https:\/\/help.opera.com\/en\/latest\/web-preferences\">https:\/\/help.opera.com\/en\/latest\/web-preferences<\/a><\/p>\t\t\t\t\t\t<\/div>\n\t\t\t\t<\/div>\n\t\t\t\t\t<\/div>\n\t\t<\/div>\n\t\t\t\t\t<\/div>\n\t\t<\/section>\n\t\t\t\t<\/div>","protected":false},"excerpt":{"rendered":"<p>Donn\u00e9es personnelles Collecte des donn\u00e9es personnelles Les donn\u00e9es personnelles correspondent \u00e0 toutes les informations qui permettent d\u2019identifier une personne comme son nom, son adresse postale, son adresse mail, son num\u00e9ro de t\u00e9l\u00e9phone,&#8230; Pourquoi les donn\u00e9es personnelles sont elles collect\u00e9es ? VANDENBOSSCHE Freddy peut \u00eatre amen\u00e9 \u00e0 collecter diff\u00e9rentes donn\u00e9es : Traitements op\u00e9r\u00e9s sur le fondement [&hellip;]<\/p>","protected":false},"author":1,"featured_media":0,"parent":0,"menu_order":0,"comment_status":"closed","ping_status":"closed","template":"","meta":{"inline_featured_image":false,"_vp_format_video_url":"","_vp_image_focal_point":[],"footnotes":""},"class_list":["post-2283","page","type-page","status-publish","hentry"],"_links":{"self":[{"href":"https:\/\/www.ita-moulding-process.com\/en\/wp-json\/wp\/v2\/pages\/2283","targetHints":{"allow":["GET"]}}],"collection":[{"href":"https:\/\/www.ita-moulding-process.com\/en\/wp-json\/wp\/v2\/pages"}],"about":[{"href":"https:\/\/www.ita-moulding-process.com\/en\/wp-json\/wp\/v2\/types\/page"}],"author":[{"embeddable":true,"href":"https:\/\/www.ita-moulding-process.com\/en\/wp-json\/wp\/v2\/users\/1"}],"replies":[{"embeddable":true,"href":"https:\/\/www.ita-moulding-process.com\/en\/wp-json\/wp\/v2\/comments?post=2283"}],"version-history":[{"count":16,"href":"https:\/\/www.ita-moulding-process.com\/en\/wp-json\/wp\/v2\/pages\/2283\/revisions"}],"predecessor-version":[{"id":2379,"href":"https:\/\/www.ita-moulding-process.com\/en\/wp-json\/wp\/v2\/pages\/2283\/revisions\/2379"}],"wp:attachment":[{"href":"https:\/\/www.ita-moulding-process.com\/en\/wp-json\/wp\/v2\/media?parent=2283"}],"curies":[{"name":"wp","href":"https:\/\/api.w.org\/{rel}","templated":true}]}}